{"id":1153,"date":"2024-11-22T11:56:01","date_gmt":"2024-11-22T11:56:01","guid":{"rendered":"https:\/\/elleniregulus.com\/?page_id=1153"},"modified":"2025-02-13T10:08:44","modified_gmt":"2025-02-13T10:08:44","slug":"a-muveszrol","status":"publish","type":"page","link":"https:\/\/elleniregulus.com\/hu\/a-muveszrol\/","title":{"rendered":"A m\u0171v\u00e9szr\u0151l"},"content":{"rendered":"\n<figure class=\"wp-block-image size-large is-resized is-style-default\"><img loading=\"lazy\" decoding=\"async\" width=\"866\" height=\"1024\" src=\"https:\/\/elleniregulus.com\/wp-content\/uploads\/2025\/02\/autor-1-866x1024.webp\" alt=\"\" class=\"wp-image-1543\" style=\"width:500px\" srcset=\"https:\/\/elleniregulus.com\/wp-content\/uploads\/2025\/02\/autor-1-866x1024.webp 866w, https:\/\/elleniregulus.com\/wp-content\/uploads\/2025\/02\/autor-1-254x300.webp 254w, https:\/\/elleniregulus.com\/wp-content\/uploads\/2025\/02\/autor-1-768x909.webp 768w, https:\/\/elleniregulus.com\/wp-content\/uploads\/2025\/02\/autor-1-1298x1536.webp 1298w, https:\/\/elleniregulus.com\/wp-content\/uploads\/2025\/02\/autor-1-600x710.webp 600w, https:\/\/elleniregulus.com\/wp-content\/uploads\/2025\/02\/autor-1.webp 1420w\" sizes=\"auto, (max-width: 866px) 100vw, 866px\" \/><\/figure>\n\n\n\n<div style=\"height:40px\" aria-hidden=\"true\" class=\"wp-block-spacer\"><\/div>\n\n\n\n<p><strong>Elleni Regulus m\u0171v\u00e9szeti t\u00e9r<\/strong><\/p>\n\n\n\n<p>Azok sz\u00e1m\u00e1ra, akik ismerik \u0151t, Elleni Regulus neve ak\u00e1r \u00edgy is hangozhatna: L\u00e9gy b\u00e1tor!<br>Ez az \u00fczenet, amit Elleni nap mint nap k\u00f6zvet\u00edt \u00e9s meg\u00e9l az \u00e9let\u00e9ben: b\u00e1tors\u00e1g, hogy \u00faj utakra induljunk, mind a vil\u00e1gban, mind \u00f6nmagunkban, \u00e9s hogy felismerj\u00fck \u00e9s a legjobban kihaszn\u00e1ljuk saj\u00e1t k\u00e9pess\u00e9geinket.<\/p>\n\n\n\n<p>Az emberi l\u00e9nyek nem egy dimenzi\u00f3sak, \u00e9s Elleni szem\u00e9lyis\u00e9ge, valamint sokf\u00e9le tev\u00e9kenys\u00e9ge, amelyeken kereszt\u00fcl kifejezi mag\u00e1t, ezt bizony\u00edtja. Elleni h\u00e1rom gyermek \u00e9desanyja, feles\u00e9g, motoros, hegym\u00e1sz\u00f3, j\u00f3gaoktat\u00f3, \u00e1jurv\u00e9da-terapeuta \u00e9s m\u0171v\u00e9sz, aki fest\u00e9szetben \u00e9s szobr\u00e1szatban fejezi ki mag\u00e1t.<\/p>\n\n\n\n<p>Egy olyan szem\u00e9lyr\u0151l van sz\u00f3, akit az ember \u00e9rdekel, az emberi test \u00e9s l\u00e9lek. Minden tev\u00e9kenys\u00e9g\u00e9ben, amelyet v\u00e9gzett vagy v\u00e9gez. Elleni az ember megismer\u00e9s\u00e9n dolgozik testi, \u00e9rzelmi \u00e9s pszichol\u00f3giai szinten, azzal a c\u00e9llal, hogy bepillant\u00e1st nyerjen a Bels\u0151 vil\u00e1gba, felfedezzen \u00e9s gy\u00f3gy\u00edtson.<\/p>\n\n\n\n<p>Ahhoz, hogy meg\u00e9rts\u00fck \u00e9s szem\u00fcgyre vegy\u00fck Elleni m\u0171v\u00e9szet\u00e9t, ismern\u00fcnk kell a szem\u00e9lyis\u00e9g\u00e9t. Ezt a legjobban saj\u00e1t szavaival fejezte ki: \u201e\u00c9n \u00fagy n\u00e9zem az embereket, hogy milyenek lehetnek.\u201d<br>Ez az \u0151 hozz\u00e1\u00e1ll\u00e1sa, amely vezeti \u0151t mind a szem\u00e9lyes kapcsolatokban, mind a m\u0171v\u00e9szet\u00e9ben. V\u00e9lem\u00e9nye szerint az emberek j\u00f3k, de mindig jobbak lehetnek; csak b\u00e1tor\u00edtani kell \u0151ket, hogy felismerj\u00e9k saj\u00e1t magasabb, isteni term\u00e9szet\u00fcket, test\u00fck \u00e9s lelk\u00fck lehet\u0151s\u00e9geit. Seg\u00edteni kell nekik, hogy ki tudj\u00e1k fejezni \u00e9rzelmeiket, meg\u00e9rezz\u00e9k test\u00fcket, \u00e9s a l\u00e9legzet\u00fckkel \u00f6sszekapcsol\u00f3djanak a kozmosszal \u00e9s \u00f6nmagukkal.<\/p>\n\n\n\n<p>Elleni az \u00e9vek sor\u00e1n k\u00fcl\u00f6nf\u00e9le ter\u00e1pi\u00e1k, j\u00f3ga \u00e9s \u00e1jurv\u00e9da seg\u00edts\u00e9g\u00e9vel tette mindezt, ma pedig m\u0171v\u00e9szeti alkot\u00e1sain kereszt\u00fcl k\u00edn\u00e1lja fel \u00e9rzelmeit, hogy a szeml\u00e9l\u0151k elfogadj\u00e1k \u00e9s saj\u00e1tjaikk\u00e9nt ismerj\u00e9k fel \u0151ket.<br>K\u00fcl\u00f6nb\u00f6z\u0151 technik\u00e1kat \u00e9s anyagokat haszn\u00e1l, dolgozik gipsszel, agyaggal, olaj- \u00e9s akrilfest\u00e9kkel.<br>M\u0171vei k\u00f6z\u00f6tt kiemelkednek a szobrok \u00e9s az absztrakt festm\u00e9nyek. Szobrai t\u00e9m\u00e1j\u00e1nak k\u00f6z\u00e9ppontj\u00e1ban legink\u00e1bb a N\u0151 \u00e1ll.<\/p>\n\n\n\n<p>Elleni bemutatja a n\u0151k arcainak egy r\u00e9sz\u00e9t &#8211; istenn\u0151t, any\u00e1t, balerin\u00e1t, dolgoz\u00f3 n\u0151t, k\u00f6lt\u0151n\u0151t, a v\u00e9gzet asszony\u00e1t. Ezek a n\u0151k f\u00e9l\u00e9nkek, titokzatosak, magabiztosak, b\u00e1trak, bar\u00e1ts\u00e1gosak, egyed\u00fcl\u00e1ll\u00f3k.<br>Elleni k\u00fcl\u00f6nf\u00e9le n\u0151i percepci\u00f3kat k\u00edn\u00e1l nek\u00fcnk, de els\u0151sorban nem csak a sz\u00e9ps\u00e9g\u00fcket tiszteli, hanem a l\u00e9nyeg\u00fcket: ezek olyan n\u0151k, akik inspir\u00e1lnak, mozgatnak, alkotnak, m\u00e1gikusan hatnak r\u00e1nk.<br>A n\u0151k \u00e1br\u00e1zol\u00e1s\u00e1ban k\u00f6zvetlen, de nem t\u00e1rgyias\u00edtja a n\u0151i testet, nem meztelen\u00fcl \u00e1br\u00e1zolja \u0151ket; az \u0151 n\u0151i alakjai ruh\u00e1t viselnek, mivel az \u00f6lt\u00f6z\u00e9k is utal a szem\u00e9lyis\u00e9g egyes dimenzi\u00f3ira \u00e9s a Bels\u0151 megnyilv\u00e1nul\u00e1s\u00e1ra.<\/p>\n\n\n\n<p>Elleni n\u0151i alakjai nem im\u00e1dat t\u00e1rgyai, legal\u00e1bbis els\u0151 pillant\u00e1sra nem. Az \u00e1br\u00e1zol\u00e1sukon kereszt\u00fcl Elleni k\u00e9rd\u00e9seket tesz fel nek\u00fcnk: milyen arcai vannak a n\u0151nek, mit rejt a belsej\u00e9ben, ami megnyilv\u00e1nul, vagy tal\u00e1n soha nem t\u00f6r a felsz\u00ednre? V\u00e1ltozik-e a n\u0151 helyzete egy olyan vil\u00e1gban, amely folyamatosan \u00e1talakul \u00e9s \u00fajradefini\u00e1l\u00f3dik? Vajon a n\u0151 szerepe \u00e9s helyzete a t\u00e1rsadalomban ugyanolyan marad-e vagy megv\u00e1ltozik? Befoly\u00e1solja -e ez az \u00e9rzelmeit, pszich\u00e9j\u00e9t \u00e9s lelk\u00e9t?<br>Vagy tal\u00e1n a n\u0151k mindig is, mint ahogy Elleni szobrain, \u00fajak, modernek, k\u00fcl\u00f6nb\u00f6z\u0151ek, de m\u00e9gis l\u00e9nyeg\u00fcket tekintve \u0151si term\u00e9szet\u0171ek maradnak, mint amilyenek a vil\u00e1g kezdet\u00e9t\u0151l voltak?<\/p>\n\n\n\n<p>Elleni festm\u00e9nyein \u00e9rzelmekkel kommunik\u00e1l saj\u00e1t mag\u00e1val \u00e9s vel\u00fcnk is. A k\u00e9pek absztraktak, \u00e9l\u00e9nk sz\u00edn\u0171ek, \u00e9rz\u00e9seit \u00e9s pszichol\u00f3giai \u00e1llapotait \u00e1br\u00e1zolj\u00e1k, amelyeket mi szeml\u00e9l\u0151k\u00e9nt saj\u00e1tunkk\u00e9nt ismer\u00fcnk fel; ragyognak a f\u00e9nyt\u0151l, sz\u00ednekt\u0151l, der\u0171t\u0151l, \u00e9letigenl\u00e9st\u0151l.<br>M\u0171v\u00e9szet\u00e9ben Elleni a k\u00f6vetkez\u0151 k\u00e9rd\u00e9st teszi fel: nem az a fontos, hogy kik a t\u00f6bbiek, hanem hogy \u201eKi vagyok \u00e9n?\u201d. \u00d6nmaga megismer\u00e9se r\u00e9v\u00e9n m\u00e1sokra is r\u00e1l\u00e1t\u00e1st nyer. A szeml\u00e9l\u0151kben ennek ford\u00edtottja zajlik le: az \u0151 k\u00e9peit n\u00e9zve, az \u0151 szellem\u00e9n kereszt\u00fcl v\u00e1lunk tudatoss\u00e1 saj\u00e1t \u00e9n\u00fcnkre, felismerj\u00fck k\u00f6z\u00f6ss\u00e9g\u00fcnket. A sz\u00ednekkel \u00e9s f\u00e9nyekkel kifejezett h\u00edv\u00e1s\u00e1ra \u00fagy v\u00e1laszolunk, mint emberek, akik k\u00f6lcs\u00f6n\u00f6sen meg\u00e9rtik egym\u00e1st, \u00e9s a k\u00f6z\u00f6s m\u0171v\u00e9szeti \u00e9lm\u00e9ny bar\u00e1tokk\u00e1 tesz minket.<\/p>\n\n\n\n<p>M\u0171vei f\u00f6ldrajzi, pszichol\u00f3giai, \u00e9rzelmi \u00e9s spiritu\u00e1lis t\u00e9rk\u00e9pek az \u0151 \u00e9let\u00e9r\u0151l, tapasztalatair\u00f3l, gondolatair\u00f3l.<br>Elleni sz\u00e1m\u00e1ra a vil\u00e1g az otthona, de Magyarorsz\u00e1g, Szerbia \u00e9s Horv\u00e1torsz\u00e1g f\u00f6ldj\u00e9r\u0151l sz\u00e1rmazik, \u00e9s mag\u00e1ban hordozza e t\u00e1jak \u00e9rzelmeit, lelki energi\u00e1j\u00e1t, de mindenekel\u0151tt hatalmas akaratot.<br>Egyidej\u0171leg gyeng\u00e9d \u00e9s szigor\u00fa, Elleni minden t\u00e9ren becs\u00fclettel j\u00e1r el, legyen sz\u00f3 gyermeknevel\u00e9sr\u0151l, \u00e9nekl\u00e9sr\u0151l, j\u00f3g\u00e1r\u00f3l, ter\u00e1pi\u00e1r\u00f3l vagy m\u0171v\u00e9szetr\u0151l. Ez\u00e9rt minden, amit csin\u00e1l, hat\u00e9kony \u00e9s pozit\u00edv hat\u00e1ssal van azokra, akik tal\u00e1lkoznak vele, vagy akik szoros k\u00f6r\u00e9be tartoznak, legyen az csal\u00e1d vagy bar\u00e1tok.<\/p>\n\n\n\n<p>Elleni lassan \u00e9p\u00edti identit\u00e1s\u00e1t \u00e9s felismerhet\u0151s\u00e9g\u00e9t, folyamatosan n\u0151 \u00e9s fejl\u0151dik, ahogy a festm\u00e9nyei \u00e9s szobrai kedvel\u0151i is, \u00e9lvezve a m\u0171v\u00e9szet\u00e9t.<br>Csatlakozzatok Elleni Regulus M\u0171v\u00e9szeti Vil\u00e1g\u00e1hoz, ahol \u0151 elk\u00f6telezetten dolgozik a L\u00e9lek \u00c1pol\u00e1s\u00e1n.<\/p>\n\n\n\n<p><strong>Ljiljana LJ. \u0110or\u0111evi\u0107, m\u0171v\u00e9szett\u00f6rt\u00e9n\u00e9sz<\/strong><\/p>\n\n\n\n<p><\/p>\n","protected":false},"excerpt":{"rendered":"<p>Elleni Regulus m\u0171v\u00e9szeti t\u00e9r Azok sz\u00e1m\u00e1ra, akik ismerik \u0151t, Elleni Regulus neve ak\u00e1r \u00edgy is hangozhatna: L\u00e9gy b\u00e1tor!Ez az \u00fczenet, amit Elleni nap mint nap k\u00f6zvet\u00edt \u00e9s meg\u00e9l az \u00e9let\u00e9ben: b\u00e1tors\u00e1g, hogy \u00faj utakra induljunk, mind a vil\u00e1gban, mind \u00f6nmagunkban, \u00e9s hogy felismerj\u00fck \u00e9s a legjobban kihaszn\u00e1ljuk saj\u00e1t k\u00e9pess\u00e9geinket. Az emberi l\u00e9nyek nem egy dimenzi\u00f3sak, [&hellip;]<\/p>\n","protected":false},"author":1,"featured_media":0,"parent":0,"menu_order":0,"comment_status":"closed","ping_status":"closed","template":"","meta":{"_acf_changed":false,"footnotes":""},"class_list":["post-1153","page","type-page","status-publish","hentry"],"acf":[],"yoast_head":"<!-- This site is optimized with the Yoast SEO plugin v24.5 - https:\/\/yoast.com\/wordpress\/plugins\/seo\/ -->\n<title>A m\u0171v\u00e9szr\u0151l - Elleni Regulus<\/title>\n<meta name=\"robots\" content=\"index, follow, max-snippet:-1, max-image-preview:large, max-video-preview:-1\" \/>\n<link rel=\"canonical\" href=\"https:\/\/elleniregulus.com\/hu\/a-muveszrol\/\" \/>\n<meta property=\"og:locale\" content=\"hu_HU\" \/>\n<meta property=\"og:type\" content=\"article\" \/>\n<meta property=\"og:title\" content=\"A m\u0171v\u00e9szr\u0151l - Elleni Regulus\" \/>\n<meta property=\"og:description\" content=\"Elleni Regulus m\u0171v\u00e9szeti t\u00e9r Azok sz\u00e1m\u00e1ra, akik ismerik \u0151t, Elleni Regulus neve ak\u00e1r \u00edgy is hangozhatna: L\u00e9gy b\u00e1tor!Ez az \u00fczenet, amit Elleni nap mint nap k\u00f6zvet\u00edt \u00e9s meg\u00e9l az \u00e9let\u00e9ben: b\u00e1tors\u00e1g, hogy \u00faj utakra induljunk, mind a vil\u00e1gban, mind \u00f6nmagunkban, \u00e9s hogy felismerj\u00fck \u00e9s a legjobban kihaszn\u00e1ljuk saj\u00e1t k\u00e9pess\u00e9geinket. Az emberi l\u00e9nyek nem egy dimenzi\u00f3sak, [&hellip;]\" \/>\n<meta property=\"og:url\" content=\"https:\/\/elleniregulus.com\/hu\/a-muveszrol\/\" \/>\n<meta property=\"og:site_name\" content=\"Elleni Regulus\" \/>\n<meta property=\"article:modified_time\" content=\"2025-02-13T10:08:44+00:00\" \/>\n<meta property=\"og:image\" content=\"https:\/\/elleniregulus.com\/wp-content\/uploads\/2025\/02\/autor-1.webp\" \/>\n\t<meta property=\"og:image:width\" content=\"1420\" \/>\n\t<meta property=\"og:image:height\" content=\"1680\" \/>\n\t<meta property=\"og:image:type\" content=\"image\/webp\" \/>\n<meta name=\"twitter:card\" content=\"summary_large_image\" \/>\n<meta name=\"twitter:label1\" content=\"Becs\u00fclt olvas\u00e1si id\u0151\" \/>\n\t<meta name=\"twitter:data1\" content=\"5 perc\" \/>\n<script type=\"application\/ld+json\" class=\"yoast-schema-graph\">{\"@context\":\"https:\/\/schema.org\",\"@graph\":[{\"@type\":\"WebPage\",\"@id\":\"https:\/\/elleniregulus.com\/hu\/a-muveszrol\/\",\"url\":\"https:\/\/elleniregulus.com\/hu\/a-muveszrol\/\",\"name\":\"A m\u0171v\u00e9szr\u0151l - Elleni Regulus\",\"isPartOf\":{\"@id\":\"https:\/\/elleniregulus.com\/hu\/#website\"},\"primaryImageOfPage\":{\"@id\":\"https:\/\/elleniregulus.com\/hu\/a-muveszrol\/#primaryimage\"},\"image\":{\"@id\":\"https:\/\/elleniregulus.com\/hu\/a-muveszrol\/#primaryimage\"},\"thumbnailUrl\":\"https:\/\/elleniregulus.com\/wp-content\/uploads\/2025\/02\/autor-1-866x1024.webp\",\"datePublished\":\"2024-11-22T11:56:01+00:00\",\"dateModified\":\"2025-02-13T10:08:44+00:00\",\"breadcrumb\":{\"@id\":\"https:\/\/elleniregulus.com\/hu\/a-muveszrol\/#breadcrumb\"},\"inLanguage\":\"hu\",\"potentialAction\":[{\"@type\":\"ReadAction\",\"target\":[\"https:\/\/elleniregulus.com\/hu\/a-muveszrol\/\"]}]},{\"@type\":\"ImageObject\",\"inLanguage\":\"hu\",\"@id\":\"https:\/\/elleniregulus.com\/hu\/a-muveszrol\/#primaryimage\",\"url\":\"https:\/\/elleniregulus.com\/wp-content\/uploads\/2025\/02\/autor-1-866x1024.webp\",\"contentUrl\":\"https:\/\/elleniregulus.com\/wp-content\/uploads\/2025\/02\/autor-1-866x1024.webp\"},{\"@type\":\"BreadcrumbList\",\"@id\":\"https:\/\/elleniregulus.com\/hu\/a-muveszrol\/#breadcrumb\",\"itemListElement\":[{\"@type\":\"ListItem\",\"position\":1,\"name\":\"Home\",\"item\":\"https:\/\/elleniregulus.com\/hu\/\"},{\"@type\":\"ListItem\",\"position\":2,\"name\":\"A m\u0171v\u00e9szr\u0151l\"}]},{\"@type\":\"WebSite\",\"@id\":\"https:\/\/elleniregulus.com\/hu\/#website\",\"url\":\"https:\/\/elleniregulus.com\/hu\/\",\"name\":\"Elleni Regulus\",\"description\":\"\",\"publisher\":{\"@id\":\"https:\/\/elleniregulus.com\/hu\/#organization\"},\"potentialAction\":[{\"@type\":\"SearchAction\",\"target\":{\"@type\":\"EntryPoint\",\"urlTemplate\":\"https:\/\/elleniregulus.com\/hu\/?s={search_term_string}\"},\"query-input\":{\"@type\":\"PropertyValueSpecification\",\"valueRequired\":true,\"valueName\":\"search_term_string\"}}],\"inLanguage\":\"hu\"},{\"@type\":\"Organization\",\"@id\":\"https:\/\/elleniregulus.com\/hu\/#organization\",\"name\":\"Elleni Regulus\",\"url\":\"https:\/\/elleniregulus.com\/hu\/\",\"logo\":{\"@type\":\"ImageObject\",\"inLanguage\":\"hu\",\"@id\":\"https:\/\/elleniregulus.com\/hu\/#\/schema\/logo\/image\/\",\"url\":\"https:\/\/elleniregulus.com\/wp-content\/uploads\/2025\/02\/ART_Space-logo.png\",\"contentUrl\":\"https:\/\/elleniregulus.com\/wp-content\/uploads\/2025\/02\/ART_Space-logo.png\",\"width\":288,\"height\":191,\"caption\":\"Elleni Regulus\"},\"image\":{\"@id\":\"https:\/\/elleniregulus.com\/hu\/#\/schema\/logo\/image\/\"}}]}<\/script>\n<!-- \/ Yoast SEO plugin. -->","yoast_head_json":{"title":"A m\u0171v\u00e9szr\u0151l - Elleni Regulus","robots":{"index":"index","follow":"follow","max-snippet":"max-snippet:-1","max-image-preview":"max-image-preview:large","max-video-preview":"max-video-preview:-1"},"canonical":"https:\/\/elleniregulus.com\/hu\/a-muveszrol\/","og_locale":"hu_HU","og_type":"article","og_title":"A m\u0171v\u00e9szr\u0151l - Elleni Regulus","og_description":"Elleni Regulus m\u0171v\u00e9szeti t\u00e9r Azok sz\u00e1m\u00e1ra, akik ismerik \u0151t, Elleni Regulus neve ak\u00e1r \u00edgy is hangozhatna: L\u00e9gy b\u00e1tor!Ez az \u00fczenet, amit Elleni nap mint nap k\u00f6zvet\u00edt \u00e9s meg\u00e9l az \u00e9let\u00e9ben: b\u00e1tors\u00e1g, hogy \u00faj utakra induljunk, mind a vil\u00e1gban, mind \u00f6nmagunkban, \u00e9s hogy felismerj\u00fck \u00e9s a legjobban kihaszn\u00e1ljuk saj\u00e1t k\u00e9pess\u00e9geinket. Az emberi l\u00e9nyek nem egy dimenzi\u00f3sak, [&hellip;]","og_url":"https:\/\/elleniregulus.com\/hu\/a-muveszrol\/","og_site_name":"Elleni Regulus","article_modified_time":"2025-02-13T10:08:44+00:00","og_image":[{"width":1420,"height":1680,"url":"https:\/\/elleniregulus.com\/wp-content\/uploads\/2025\/02\/autor-1.webp","type":"image\/webp"}],"twitter_card":"summary_large_image","twitter_misc":{"Becs\u00fclt olvas\u00e1si id\u0151":"5 perc"},"schema":{"@context":"https:\/\/schema.org","@graph":[{"@type":"WebPage","@id":"https:\/\/elleniregulus.com\/hu\/a-muveszrol\/","url":"https:\/\/elleniregulus.com\/hu\/a-muveszrol\/","name":"A m\u0171v\u00e9szr\u0151l - Elleni Regulus","isPartOf":{"@id":"https:\/\/elleniregulus.com\/hu\/#website"},"primaryImageOfPage":{"@id":"https:\/\/elleniregulus.com\/hu\/a-muveszrol\/#primaryimage"},"image":{"@id":"https:\/\/elleniregulus.com\/hu\/a-muveszrol\/#primaryimage"},"thumbnailUrl":"https:\/\/elleniregulus.com\/wp-content\/uploads\/2025\/02\/autor-1-866x1024.webp","datePublished":"2024-11-22T11:56:01+00:00","dateModified":"2025-02-13T10:08:44+00:00","breadcrumb":{"@id":"https:\/\/elleniregulus.com\/hu\/a-muveszrol\/#breadcrumb"},"inLanguage":"hu","potentialAction":[{"@type":"ReadAction","target":["https:\/\/elleniregulus.com\/hu\/a-muveszrol\/"]}]},{"@type":"ImageObject","inLanguage":"hu","@id":"https:\/\/elleniregulus.com\/hu\/a-muveszrol\/#primaryimage","url":"https:\/\/elleniregulus.com\/wp-content\/uploads\/2025\/02\/autor-1-866x1024.webp","contentUrl":"https:\/\/elleniregulus.com\/wp-content\/uploads\/2025\/02\/autor-1-866x1024.webp"},{"@type":"BreadcrumbList","@id":"https:\/\/elleniregulus.com\/hu\/a-muveszrol\/#breadcrumb","itemListElement":[{"@type":"ListItem","position":1,"name":"Home","item":"https:\/\/elleniregulus.com\/hu\/"},{"@type":"ListItem","position":2,"name":"A m\u0171v\u00e9szr\u0151l"}]},{"@type":"WebSite","@id":"https:\/\/elleniregulus.com\/hu\/#website","url":"https:\/\/elleniregulus.com\/hu\/","name":"Elleni Regulus","description":"","publisher":{"@id":"https:\/\/elleniregulus.com\/hu\/#organization"},"potentialAction":[{"@type":"SearchAction","target":{"@type":"EntryPoint","urlTemplate":"https:\/\/elleniregulus.com\/hu\/?s={search_term_string}"},"query-input":{"@type":"PropertyValueSpecification","valueRequired":true,"valueName":"search_term_string"}}],"inLanguage":"hu"},{"@type":"Organization","@id":"https:\/\/elleniregulus.com\/hu\/#organization","name":"Elleni Regulus","url":"https:\/\/elleniregulus.com\/hu\/","logo":{"@type":"ImageObject","inLanguage":"hu","@id":"https:\/\/elleniregulus.com\/hu\/#\/schema\/logo\/image\/","url":"https:\/\/elleniregulus.com\/wp-content\/uploads\/2025\/02\/ART_Space-logo.png","contentUrl":"https:\/\/elleniregulus.com\/wp-content\/uploads\/2025\/02\/ART_Space-logo.png","width":288,"height":191,"caption":"Elleni Regulus"},"image":{"@id":"https:\/\/elleniregulus.com\/hu\/#\/schema\/logo\/image\/"}}]}},"_links":{"self":[{"href":"https:\/\/elleniregulus.com\/hu\/wp-json\/wp\/v2\/pages\/1153","targetHints":{"allow":["GET"]}}],"collection":[{"href":"https:\/\/elleniregulus.com\/hu\/wp-json\/wp\/v2\/pages"}],"about":[{"href":"https:\/\/elleniregulus.com\/hu\/wp-json\/wp\/v2\/types\/page"}],"author":[{"embeddable":true,"href":"https:\/\/elleniregulus.com\/hu\/wp-json\/wp\/v2\/users\/1"}],"replies":[{"embeddable":true,"href":"https:\/\/elleniregulus.com\/hu\/wp-json\/wp\/v2\/comments?post=1153"}],"version-history":[{"count":6,"href":"https:\/\/elleniregulus.com\/hu\/wp-json\/wp\/v2\/pages\/1153\/revisions"}],"predecessor-version":[{"id":1548,"href":"https:\/\/elleniregulus.com\/hu\/wp-json\/wp\/v2\/pages\/1153\/revisions\/1548"}],"wp:attachment":[{"href":"https:\/\/elleniregulus.com\/hu\/wp-json\/wp\/v2\/media?parent=1153"}],"curies":[{"name":"wp","href":"https:\/\/api.w.org\/{rel}","templated":true}]}}