{"id":117,"date":"2024-11-22T11:55:10","date_gmt":"2024-11-22T11:55:10","guid":{"rendered":"https:\/\/elleniregulus.com\/?page_id=117"},"modified":"2025-09-09T20:39:58","modified_gmt":"2025-09-09T20:39:58","slug":"kezdolap","status":"publish","type":"page","link":"https:\/\/elleniregulus.com\/hu\/","title":{"rendered":"Kezd\u0151lap"},"content":{"rendered":"        <section id=\"kategorija\" class=\"section\">\n            <h2>\n                <a href=\"https:\/\/elleniregulus.com\/hu\/kategorija\/slike\/\">\n                    Slike                <\/a>\n            <\/h2>\n            <div class=\"kategorija-grid\">\n\n            \n                <div class=\"kategorija-item\">\n                    <a href=\"https:\/\/elleniregulus.com\/hu\/termek\/imadkozo-saska\/\" class=\"swiper-category-grid__title\">\n                        <span>Im\u00e1dkoz\u00f3  s\u00e1ska<\/span>\n                        <figure>\n                            <img loading=\"lazy\" decoding=\"async\" width=\"2000\" height=\"1785\" src=\"https:\/\/elleniregulus.com\/wp-content\/uploads\/2025\/02\/00022-Bogomoljka.webp\" class=\"attachment-post-thumbnail size-post-thumbnail wp-post-image\" alt=\"\" srcset=\"https:\/\/elleniregulus.com\/wp-content\/uploads\/2025\/02\/00022-Bogomoljka.webp 2000w, https:\/\/elleniregulus.com\/wp-content\/uploads\/2025\/02\/00022-Bogomoljka-300x268.webp 300w, https:\/\/elleniregulus.com\/wp-content\/uploads\/2025\/02\/00022-Bogomoljka-1024x914.webp 1024w, https:\/\/elleniregulus.com\/wp-content\/uploads\/2025\/02\/00022-Bogomoljka-768x685.webp 768w, https:\/\/elleniregulus.com\/wp-content\/uploads\/2025\/02\/00022-Bogomoljka-1536x1371.webp 1536w, https:\/\/elleniregulus.com\/wp-content\/uploads\/2025\/02\/00022-Bogomoljka-600x536.webp 600w\" sizes=\"auto, (max-width: 2000px) 100vw, 2000px\" \/>                        <\/figure>\n                    <\/a>\n                <\/div>\n                \n                <div class=\"kategorija-item\">\n                    <a href=\"https:\/\/elleniregulus.com\/hu\/termek\/ellentetek\/\" class=\"swiper-category-grid__title\">\n                        <span>Ellent\u00e9tek<\/span>\n                        <figure>\n                            <img loading=\"lazy\" decoding=\"async\" width=\"1748\" height=\"2560\" src=\"https:\/\/elleniregulus.com\/wp-content\/uploads\/2025\/02\/00027-Suprotnosti-scaled.webp\" class=\"attachment-post-thumbnail size-post-thumbnail wp-post-image\" alt=\"\" srcset=\"https:\/\/elleniregulus.com\/wp-content\/uploads\/2025\/02\/00027-Suprotnosti-scaled.webp 1748w, https:\/\/elleniregulus.com\/wp-content\/uploads\/2025\/02\/00027-Suprotnosti-205x300.webp 205w, https:\/\/elleniregulus.com\/wp-content\/uploads\/2025\/02\/00027-Suprotnosti-699x1024.webp 699w, https:\/\/elleniregulus.com\/wp-content\/uploads\/2025\/02\/00027-Suprotnosti-768x1124.webp 768w, https:\/\/elleniregulus.com\/wp-content\/uploads\/2025\/02\/00027-Suprotnosti-1049x1536.webp 1049w, https:\/\/elleniregulus.com\/wp-content\/uploads\/2025\/02\/00027-Suprotnosti-1399x2048.webp 1399w, https:\/\/elleniregulus.com\/wp-content\/uploads\/2025\/02\/00027-Suprotnosti-600x878.webp 600w\" sizes=\"auto, (max-width: 1748px) 100vw, 1748px\" \/>                        <\/figure>\n                    <\/a>\n                <\/div>\n                \n                <div class=\"kategorija-item\">\n                    <a href=\"https:\/\/elleniregulus.com\/hu\/termek\/vulkan\/\" class=\"swiper-category-grid__title\">\n                        <span>Vulk\u00e1n<\/span>\n                        <figure>\n                            <img loading=\"lazy\" decoding=\"async\" width=\"2560\" height=\"1704\" src=\"https:\/\/elleniregulus.com\/wp-content\/uploads\/2025\/02\/00015-Vulkan-scaled.webp\" class=\"attachment-post-thumbnail size-post-thumbnail wp-post-image\" alt=\"\" srcset=\"https:\/\/elleniregulus.com\/wp-content\/uploads\/2025\/02\/00015-Vulkan-scaled.webp 2560w, https:\/\/elleniregulus.com\/wp-content\/uploads\/2025\/02\/00015-Vulkan-300x200.webp 300w, https:\/\/elleniregulus.com\/wp-content\/uploads\/2025\/02\/00015-Vulkan-1024x681.webp 1024w, https:\/\/elleniregulus.com\/wp-content\/uploads\/2025\/02\/00015-Vulkan-768x511.webp 768w, https:\/\/elleniregulus.com\/wp-content\/uploads\/2025\/02\/00015-Vulkan-1536x1022.webp 1536w, https:\/\/elleniregulus.com\/wp-content\/uploads\/2025\/02\/00015-Vulkan-2048x1363.webp 2048w, https:\/\/elleniregulus.com\/wp-content\/uploads\/2025\/02\/00015-Vulkan-600x399.webp 600w\" sizes=\"auto, (max-width: 2560px) 100vw, 2560px\" \/>                        <\/figure>\n                    <\/a>\n                <\/div>\n                \n                <div class=\"kategorija-item\">\n                    <a href=\"https:\/\/elleniregulus.com\/hu\/termek\/a-mult-arnyekai\/\" class=\"swiper-category-grid__title\">\n                        <span>A m\u00falt \u00e1rny\u00e9kai<\/span>\n                        <figure>\n                            <img loading=\"lazy\" decoding=\"async\" width=\"2560\" height=\"2552\" src=\"https:\/\/elleniregulus.com\/wp-content\/uploads\/2025\/02\/0005-Senke-proslosti-scaled.webp\" class=\"attachment-post-thumbnail size-post-thumbnail wp-post-image\" alt=\"\" srcset=\"https:\/\/elleniregulus.com\/wp-content\/uploads\/2025\/02\/0005-Senke-proslosti-scaled.webp 2560w, https:\/\/elleniregulus.com\/wp-content\/uploads\/2025\/02\/0005-Senke-proslosti-300x300.webp 300w, https:\/\/elleniregulus.com\/wp-content\/uploads\/2025\/02\/0005-Senke-proslosti-1024x1021.webp 1024w, https:\/\/elleniregulus.com\/wp-content\/uploads\/2025\/02\/0005-Senke-proslosti-150x150.webp 150w, https:\/\/elleniregulus.com\/wp-content\/uploads\/2025\/02\/0005-Senke-proslosti-768x766.webp 768w, https:\/\/elleniregulus.com\/wp-content\/uploads\/2025\/02\/0005-Senke-proslosti-1536x1531.webp 1536w, https:\/\/elleniregulus.com\/wp-content\/uploads\/2025\/02\/0005-Senke-proslosti-2048x2042.webp 2048w, https:\/\/elleniregulus.com\/wp-content\/uploads\/2025\/02\/0005-Senke-proslosti-600x598.webp 600w, https:\/\/elleniregulus.com\/wp-content\/uploads\/2025\/02\/0005-Senke-proslosti-100x100.webp 100w\" sizes=\"auto, (max-width: 2560px) 100vw, 2560px\" \/>                        <\/figure>\n                    <\/a>\n                <\/div>\n                \n                            <\/div>\n        <\/section>\n    \n\n\n        <section id=\"kategorija\" class=\"section\">\n            <h2>\n                <a href=\"https:\/\/elleniregulus.com\/hu\/kategorija\/skulpture\/\">\n                    Skulpture                <\/a>\n            <\/h2>\n            <div class=\"kategorija-grid\">\n\n            \n                <div class=\"kategorija-item\">\n                    <a href=\"https:\/\/elleniregulus.com\/hu\/termek\/egy-almodozo\/\" class=\"swiper-category-grid__title\">\n                        <span>egy \u00e1lmodoz\u00f3<\/span>\n                        <figure>\n                            <img loading=\"lazy\" decoding=\"async\" width=\"1706\" height=\"2560\" src=\"https:\/\/elleniregulus.com\/wp-content\/uploads\/2025\/05\/sanjarka-7-scaled.webp\" class=\"attachment-post-thumbnail size-post-thumbnail wp-post-image\" alt=\"\" srcset=\"https:\/\/elleniregulus.com\/wp-content\/uploads\/2025\/05\/sanjarka-7-scaled.webp 1706w, https:\/\/elleniregulus.com\/wp-content\/uploads\/2025\/05\/sanjarka-7-200x300.webp 200w, https:\/\/elleniregulus.com\/wp-content\/uploads\/2025\/05\/sanjarka-7-682x1024.webp 682w, https:\/\/elleniregulus.com\/wp-content\/uploads\/2025\/05\/sanjarka-7-768x1152.webp 768w, https:\/\/elleniregulus.com\/wp-content\/uploads\/2025\/05\/sanjarka-7-1024x1536.webp 1024w, https:\/\/elleniregulus.com\/wp-content\/uploads\/2025\/05\/sanjarka-7-1365x2048.webp 1365w, https:\/\/elleniregulus.com\/wp-content\/uploads\/2025\/05\/sanjarka-7-600x900.webp 600w\" sizes=\"auto, (max-width: 1706px) 100vw, 1706px\" \/>                        <\/figure>\n                    <\/a>\n                <\/div>\n                \n                <div class=\"kategorija-item\">\n                    <a href=\"https:\/\/elleniregulus.com\/hu\/termek\/lepes\/\" class=\"swiper-category-grid__title\">\n                        <span>L\u00e9p\u00e9s<\/span>\n                        <figure>\n                            <img loading=\"lazy\" decoding=\"async\" width=\"1334\" height=\"2000\" src=\"https:\/\/elleniregulus.com\/wp-content\/uploads\/2025\/02\/koracic-2.webp\" class=\"attachment-post-thumbnail size-post-thumbnail wp-post-image\" alt=\"\" srcset=\"https:\/\/elleniregulus.com\/wp-content\/uploads\/2025\/02\/koracic-2.webp 1334w, https:\/\/elleniregulus.com\/wp-content\/uploads\/2025\/02\/koracic-2-200x300.webp 200w, https:\/\/elleniregulus.com\/wp-content\/uploads\/2025\/02\/koracic-2-683x1024.webp 683w, https:\/\/elleniregulus.com\/wp-content\/uploads\/2025\/02\/koracic-2-768x1151.webp 768w, https:\/\/elleniregulus.com\/wp-content\/uploads\/2025\/02\/koracic-2-1025x1536.webp 1025w, https:\/\/elleniregulus.com\/wp-content\/uploads\/2025\/02\/koracic-2-600x900.webp 600w\" sizes=\"auto, (max-width: 1334px) 100vw, 1334px\" \/>                        <\/figure>\n                    <\/a>\n                <\/div>\n                \n                <div class=\"kategorija-item\">\n                    <a href=\"https:\/\/elleniregulus.com\/hu\/termek\/torok-holgy\/\" class=\"swiper-category-grid__title\">\n                        <span>T\u00f6r\u00f6k h\u00f6lgy<\/span>\n                        <figure>\n                            <img loading=\"lazy\" decoding=\"async\" width=\"1334\" height=\"2000\" src=\"https:\/\/elleniregulus.com\/wp-content\/uploads\/2025\/02\/Turska-dama-8.webp\" class=\"attachment-post-thumbnail size-post-thumbnail wp-post-image\" alt=\"\" srcset=\"https:\/\/elleniregulus.com\/wp-content\/uploads\/2025\/02\/Turska-dama-8.webp 1334w, https:\/\/elleniregulus.com\/wp-content\/uploads\/2025\/02\/Turska-dama-8-200x300.webp 200w, https:\/\/elleniregulus.com\/wp-content\/uploads\/2025\/02\/Turska-dama-8-683x1024.webp 683w, https:\/\/elleniregulus.com\/wp-content\/uploads\/2025\/02\/Turska-dama-8-768x1151.webp 768w, https:\/\/elleniregulus.com\/wp-content\/uploads\/2025\/02\/Turska-dama-8-1025x1536.webp 1025w, https:\/\/elleniregulus.com\/wp-content\/uploads\/2025\/02\/Turska-dama-8-600x900.webp 600w\" sizes=\"auto, (max-width: 1334px) 100vw, 1334px\" \/>                        <\/figure>\n                    <\/a>\n                <\/div>\n                \n                <div class=\"kategorija-item\">\n                    <a href=\"https:\/\/elleniregulus.com\/hu\/termek\/lang\/\" class=\"swiper-category-grid__title\">\n                        <span>L\u00e1ng<\/span>\n                        <figure>\n                            <img loading=\"lazy\" decoding=\"async\" width=\"1707\" height=\"2560\" src=\"https:\/\/elleniregulus.com\/wp-content\/uploads\/2024\/12\/Plamicak-01-scaled.webp\" class=\"attachment-post-thumbnail size-post-thumbnail wp-post-image\" alt=\"\" srcset=\"https:\/\/elleniregulus.com\/wp-content\/uploads\/2024\/12\/Plamicak-01-scaled.webp 1707w, https:\/\/elleniregulus.com\/wp-content\/uploads\/2024\/12\/Plamicak-01-scaled-600x900.webp 600w, https:\/\/elleniregulus.com\/wp-content\/uploads\/2024\/12\/Plamicak-01-200x300.webp 200w, https:\/\/elleniregulus.com\/wp-content\/uploads\/2024\/12\/Plamicak-01-683x1024.webp 683w, https:\/\/elleniregulus.com\/wp-content\/uploads\/2024\/12\/Plamicak-01-768x1152.webp 768w, https:\/\/elleniregulus.com\/wp-content\/uploads\/2024\/12\/Plamicak-01-1024x1536.webp 1024w, https:\/\/elleniregulus.com\/wp-content\/uploads\/2024\/12\/Plamicak-01-1365x2048.webp 1365w\" sizes=\"auto, (max-width: 1707px) 100vw, 1707px\" \/>                        <\/figure>\n                    <\/a>\n                <\/div>\n                \n                            <\/div>\n        <\/section>\n    \n\n\n\n<section id=\"najnovije\" class=\"section\">\n    <h2><a href=\"https:\/\/elleniregulus.com\/hu\/mualkotasok\/\">Leg\u00fajabb m\u0171vek<\/a><\/h2>\n\n    <div class=\"najnovije-grid\">\n                    <div class=\"najnovije-item\">\n                <a href=\"https:\/\/elleniregulus.com\/hu\/termek\/egy-almodozo\/\" class=\"swiper-category-grid__title\">\n                    <span>egy \u00e1lmodoz\u00f3<\/span>\n                    <figure>\n                        <img loading=\"lazy\" decoding=\"async\" width=\"1706\" height=\"2560\" src=\"https:\/\/elleniregulus.com\/wp-content\/uploads\/2025\/05\/sanjarka-7-scaled.webp\" class=\"attachment-post-thumbnail size-post-thumbnail wp-post-image\" alt=\"\" srcset=\"https:\/\/elleniregulus.com\/wp-content\/uploads\/2025\/05\/sanjarka-7-scaled.webp 1706w, https:\/\/elleniregulus.com\/wp-content\/uploads\/2025\/05\/sanjarka-7-200x300.webp 200w, https:\/\/elleniregulus.com\/wp-content\/uploads\/2025\/05\/sanjarka-7-682x1024.webp 682w, https:\/\/elleniregulus.com\/wp-content\/uploads\/2025\/05\/sanjarka-7-768x1152.webp 768w, https:\/\/elleniregulus.com\/wp-content\/uploads\/2025\/05\/sanjarka-7-1024x1536.webp 1024w, https:\/\/elleniregulus.com\/wp-content\/uploads\/2025\/05\/sanjarka-7-1365x2048.webp 1365w, https:\/\/elleniregulus.com\/wp-content\/uploads\/2025\/05\/sanjarka-7-600x900.webp 600w\" sizes=\"auto, (max-width: 1706px) 100vw, 1706px\" \/>                    <\/figure>\n                <\/a>\n            <\/div>\n                        <div class=\"najnovije-item\">\n                <a href=\"https:\/\/elleniregulus.com\/hu\/termek\/vagyakozas-tukor-%cf%95-54cm\/\" class=\"swiper-category-grid__title\">\n                    <span>V\u00e1gyakoz\u00e1s (+ t\u00fck\u00f6r  \u03d5 54cm)<\/span>\n                    <figure>\n                        <img loading=\"lazy\" decoding=\"async\" width=\"1825\" height=\"2000\" src=\"https:\/\/elleniregulus.com\/wp-content\/uploads\/2025\/04\/ceznja.jpg\" class=\"attachment-post-thumbnail size-post-thumbnail wp-post-image\" alt=\"\" srcset=\"https:\/\/elleniregulus.com\/wp-content\/uploads\/2025\/04\/ceznja.jpg 1825w, https:\/\/elleniregulus.com\/wp-content\/uploads\/2025\/04\/ceznja-274x300.jpg 274w, https:\/\/elleniregulus.com\/wp-content\/uploads\/2025\/04\/ceznja-934x1024.jpg 934w, https:\/\/elleniregulus.com\/wp-content\/uploads\/2025\/04\/ceznja-768x842.jpg 768w, https:\/\/elleniregulus.com\/wp-content\/uploads\/2025\/04\/ceznja-1402x1536.jpg 1402w, https:\/\/elleniregulus.com\/wp-content\/uploads\/2025\/04\/ceznja-600x658.jpg 600w\" sizes=\"auto, (max-width: 1825px) 100vw, 1825px\" \/>                    <\/figure>\n                <\/a>\n            <\/div>\n                        <div class=\"najnovije-item\">\n                <a href=\"https:\/\/elleniregulus.com\/hu\/termek\/vitorlas\/\" class=\"swiper-category-grid__title\">\n                    <span>Vitorl\u00e1s<\/span>\n                    <figure>\n                        <img loading=\"lazy\" decoding=\"async\" width=\"1588\" height=\"2000\" src=\"https:\/\/elleniregulus.com\/wp-content\/uploads\/2025\/03\/00028-Jedrilica.webp\" class=\"attachment-post-thumbnail size-post-thumbnail wp-post-image\" alt=\"\" srcset=\"https:\/\/elleniregulus.com\/wp-content\/uploads\/2025\/03\/00028-Jedrilica.webp 1588w, https:\/\/elleniregulus.com\/wp-content\/uploads\/2025\/03\/00028-Jedrilica-238x300.webp 238w, https:\/\/elleniregulus.com\/wp-content\/uploads\/2025\/03\/00028-Jedrilica-813x1024.webp 813w, https:\/\/elleniregulus.com\/wp-content\/uploads\/2025\/03\/00028-Jedrilica-768x967.webp 768w, https:\/\/elleniregulus.com\/wp-content\/uploads\/2025\/03\/00028-Jedrilica-1220x1536.webp 1220w, https:\/\/elleniregulus.com\/wp-content\/uploads\/2025\/03\/00028-Jedrilica-600x756.webp 600w\" sizes=\"auto, (max-width: 1588px) 100vw, 1588px\" \/>                    <\/figure>\n                <\/a>\n            <\/div>\n                        <div class=\"najnovije-item\">\n                <a href=\"https:\/\/elleniregulus.com\/hu\/termek\/kis-setalok\/\" class=\"swiper-category-grid__title\">\n                    <span>Kis s\u00e9tal\u00f3k<\/span>\n                    <figure>\n                        <img loading=\"lazy\" decoding=\"async\" width=\"2000\" height=\"1620\" src=\"https:\/\/elleniregulus.com\/wp-content\/uploads\/2025\/02\/00029-Setaci.webp\" class=\"attachment-post-thumbnail size-post-thumbnail wp-post-image\" alt=\"\" srcset=\"https:\/\/elleniregulus.com\/wp-content\/uploads\/2025\/02\/00029-Setaci.webp 2000w, https:\/\/elleniregulus.com\/wp-content\/uploads\/2025\/02\/00029-Setaci-300x243.webp 300w, https:\/\/elleniregulus.com\/wp-content\/uploads\/2025\/02\/00029-Setaci-1024x829.webp 1024w, https:\/\/elleniregulus.com\/wp-content\/uploads\/2025\/02\/00029-Setaci-768x622.webp 768w, https:\/\/elleniregulus.com\/wp-content\/uploads\/2025\/02\/00029-Setaci-1536x1244.webp 1536w, https:\/\/elleniregulus.com\/wp-content\/uploads\/2025\/02\/00029-Setaci-600x486.webp 600w\" sizes=\"auto, (max-width: 2000px) 100vw, 2000px\" \/>                    <\/figure>\n                <\/a>\n            <\/div>\n                <\/div>\n<\/section>\n\n\n\n\n<blockquote class=\"wp-block-quote is-layout-flow wp-block-quote-is-layout-flow\">\n<p>&#8222;Csak a m\u0171v\u00e9szet k\u00e9pes az \u00e1lmok vil\u00e1g\u00e1nak a val\u00f3s \u00e9let l\u00e1tszat\u00e1t adni,&nbsp;\u00e9s csak a k\u00e9pzelet erej\u00e9vel alakulhat \u00e1t a val\u00f3s\u00e1g csod\u00e1latos \u00e1lomform\u00e1v\u00e1.&#8221;<\/p>\n<cite>Jonathan Richardson<\/cite><\/blockquote>\n\n\n\n<blockquote class=\"wp-block-quote is-layout-flow wp-block-quote-is-layout-flow\">\n<p>&#8222;A m\u0171v\u00e9szet a legintenz\u00edvebb individualizmus, ami l\u00e9tezik.&#8221;<\/p>\n<cite>Oscar Wilde<\/cite><\/blockquote>\n\n\n\n<blockquote class=\"wp-block-quote is-layout-flow wp-block-quote-is-layout-flow\">\n<p>&#8222;A m\u0171v\u00e9szet lehet\u0151v\u00e9 teszi, hogy egyszerre tal\u00e1ljunk r\u00e1 \u00f6nmagunkra \u00e9s vesz\u00edts\u00fck el \u00f6nmagunkat.&#8221;<\/p>\n<cite>Thomas Merton<\/cite><\/blockquote>\n\n\n\n<section class=\"section section-o-elleni\">\n    <div class=\"o-elleni\">\n        <a href=\"\">Elleni Regulusr\u00f3l<\/a>\n        <div class=\"o-elleni-image\">\n            <img loading=\"lazy\" decoding=\"async\" width=\"1024\" height=\"276\" src=\"https:\/\/elleniregulus.com\/wp-content\/uploads\/2025\/02\/donja_podloga-1024x276.jpg\" class=\"attachment-large size-large\" alt=\"\" srcset=\"https:\/\/elleniregulus.com\/wp-content\/uploads\/2025\/02\/donja_podloga-1024x276.jpg 1024w, https:\/\/elleniregulus.com\/wp-content\/uploads\/2025\/02\/donja_podloga-300x81.jpg 300w, https:\/\/elleniregulus.com\/wp-content\/uploads\/2025\/02\/donja_podloga-768x207.jpg 768w, https:\/\/elleniregulus.com\/wp-content\/uploads\/2025\/02\/donja_podloga-1536x414.jpg 1536w, https:\/\/elleniregulus.com\/wp-content\/uploads\/2025\/02\/donja_podloga-600x162.jpg 600w, https:\/\/elleniregulus.com\/wp-content\/uploads\/2025\/02\/donja_podloga.jpg 2040w\" sizes=\"auto, (max-width: 1024px) 100vw, 1024px\" \/>        <\/div>\n    <\/div>\n<\/section>\n\n","protected":false},"excerpt":{"rendered":"<p>&#8222;Csak a m\u0171v\u00e9szet k\u00e9pes az \u00e1lmok vil\u00e1g\u00e1nak a val\u00f3s \u00e9let l\u00e1tszat\u00e1t adni,&nbsp;\u00e9s csak a k\u00e9pzelet erej\u00e9vel alakulhat \u00e1t a val\u00f3s\u00e1g csod\u00e1latos \u00e1lomform\u00e1v\u00e1.&#8221; Jonathan Richardson &#8222;A m\u0171v\u00e9szet a legintenz\u00edvebb individualizmus, ami l\u00e9tezik.&#8221; Oscar Wilde &#8222;A m\u0171v\u00e9szet lehet\u0151v\u00e9 teszi, hogy egyszerre tal\u00e1ljunk r\u00e1 \u00f6nmagunkra \u00e9s vesz\u00edts\u00fck el \u00f6nmagunkat.&#8221; Thomas Merton<\/p>\n","protected":false},"author":1,"featured_media":0,"parent":0,"menu_order":0,"comment_status":"closed","ping_status":"closed","template":"","meta":{"_acf_changed":false,"footnotes":""},"class_list":["post-117","page","type-page","status-publish","hentry"],"acf":[],"yoast_head":"<!-- This site is optimized with the Yoast SEO plugin v24.5 - https:\/\/yoast.com\/wordpress\/plugins\/seo\/ -->\n<title>Kezd\u0151lap - Elleni Regulus<\/title>\n<meta name=\"description\" content=\"Elleni Regulus m\u0171v\u00e9szi tere, akril, akvarell, olajfestm\u00e9nyek, vegyes technik\u00e1k, k\u00e9zzel k\u00e9sz\u00edtett, vegyes technik\u00e1j\u00fa szobrok, agyag ...\" \/>\n<meta name=\"robots\" content=\"index, follow, max-snippet:-1, max-image-preview:large, max-video-preview:-1\" \/>\n<link rel=\"canonical\" href=\"https:\/\/elleniregulus.com\/hu\/\" \/>\n<meta property=\"og:locale\" content=\"hu_HU\" \/>\n<meta property=\"og:type\" content=\"article\" \/>\n<meta property=\"og:title\" content=\"Kezd\u0151lap - Elleni Regulus\" \/>\n<meta property=\"og:description\" content=\"Elleni Regulus m\u0171v\u00e9szi tere, akril, akvarell, olajfestm\u00e9nyek, vegyes technik\u00e1k, k\u00e9zzel k\u00e9sz\u00edtett, vegyes technik\u00e1j\u00fa szobrok, agyag ...\" \/>\n<meta property=\"og:url\" content=\"https:\/\/elleniregulus.com\/hu\/\" \/>\n<meta property=\"og:site_name\" content=\"Elleni Regulus\" \/>\n<meta property=\"article:modified_time\" content=\"2025-09-09T20:39:58+00:00\" \/>\n<meta name=\"twitter:card\" content=\"summary_large_image\" \/>\n<script type=\"application\/ld+json\" class=\"yoast-schema-graph\">{\"@context\":\"https:\/\/schema.org\",\"@graph\":[{\"@type\":\"WebPage\",\"@id\":\"https:\/\/elleniregulus.com\/hu\/\",\"url\":\"https:\/\/elleniregulus.com\/hu\/\",\"name\":\"Kezd\u0151lap - Elleni Regulus\",\"isPartOf\":{\"@id\":\"https:\/\/elleniregulus.com\/hu\/#website\"},\"datePublished\":\"2024-11-22T11:55:10+00:00\",\"dateModified\":\"2025-09-09T20:39:58+00:00\",\"description\":\"Elleni Regulus m\u0171v\u00e9szi tere, akril, akvarell, olajfestm\u00e9nyek, vegyes technik\u00e1k, k\u00e9zzel k\u00e9sz\u00edtett, vegyes technik\u00e1j\u00fa szobrok, agyag ...\",\"breadcrumb\":{\"@id\":\"https:\/\/elleniregulus.com\/hu\/#breadcrumb\"},\"inLanguage\":\"hu\",\"potentialAction\":[{\"@type\":\"ReadAction\",\"target\":[\"https:\/\/elleniregulus.com\/hu\/\"]}]},{\"@type\":\"BreadcrumbList\",\"@id\":\"https:\/\/elleniregulus.com\/hu\/#breadcrumb\",\"itemListElement\":[{\"@type\":\"ListItem\",\"position\":1,\"name\":\"Home\",\"item\":\"https:\/\/elleniregulus.com\/hu\/\"},{\"@type\":\"ListItem\",\"position\":2,\"name\":\"Kezd\u0151lap\"}]},{\"@type\":\"WebSite\",\"@id\":\"https:\/\/elleniregulus.com\/hu\/#website\",\"url\":\"https:\/\/elleniregulus.com\/hu\/\",\"name\":\"Elleni Regulus\",\"description\":\"\",\"publisher\":{\"@id\":\"https:\/\/elleniregulus.com\/hu\/#organization\"},\"potentialAction\":[{\"@type\":\"SearchAction\",\"target\":{\"@type\":\"EntryPoint\",\"urlTemplate\":\"https:\/\/elleniregulus.com\/hu\/?s={search_term_string}\"},\"query-input\":{\"@type\":\"PropertyValueSpecification\",\"valueRequired\":true,\"valueName\":\"search_term_string\"}}],\"inLanguage\":\"hu\"},{\"@type\":\"Organization\",\"@id\":\"https:\/\/elleniregulus.com\/hu\/#organization\",\"name\":\"Elleni Regulus\",\"url\":\"https:\/\/elleniregulus.com\/hu\/\",\"logo\":{\"@type\":\"ImageObject\",\"inLanguage\":\"hu\",\"@id\":\"https:\/\/elleniregulus.com\/hu\/#\/schema\/logo\/image\/\",\"url\":\"https:\/\/elleniregulus.com\/wp-content\/uploads\/2025\/02\/ART_Space-logo.png\",\"contentUrl\":\"https:\/\/elleniregulus.com\/wp-content\/uploads\/2025\/02\/ART_Space-logo.png\",\"width\":288,\"height\":191,\"caption\":\"Elleni Regulus\"},\"image\":{\"@id\":\"https:\/\/elleniregulus.com\/hu\/#\/schema\/logo\/image\/\"}}]}<\/script>\n<!-- \/ Yoast SEO plugin. -->","yoast_head_json":{"title":"Kezd\u0151lap - Elleni Regulus","description":"Elleni Regulus m\u0171v\u00e9szi tere, akril, akvarell, olajfestm\u00e9nyek, vegyes technik\u00e1k, k\u00e9zzel k\u00e9sz\u00edtett, vegyes technik\u00e1j\u00fa szobrok, agyag ...","robots":{"index":"index","follow":"follow","max-snippet":"max-snippet:-1","max-image-preview":"max-image-preview:large","max-video-preview":"max-video-preview:-1"},"canonical":"https:\/\/elleniregulus.com\/hu\/","og_locale":"hu_HU","og_type":"article","og_title":"Kezd\u0151lap - Elleni Regulus","og_description":"Elleni Regulus m\u0171v\u00e9szi tere, akril, akvarell, olajfestm\u00e9nyek, vegyes technik\u00e1k, k\u00e9zzel k\u00e9sz\u00edtett, vegyes technik\u00e1j\u00fa szobrok, agyag ...","og_url":"https:\/\/elleniregulus.com\/hu\/","og_site_name":"Elleni Regulus","article_modified_time":"2025-09-09T20:39:58+00:00","twitter_card":"summary_large_image","schema":{"@context":"https:\/\/schema.org","@graph":[{"@type":"WebPage","@id":"https:\/\/elleniregulus.com\/hu\/","url":"https:\/\/elleniregulus.com\/hu\/","name":"Kezd\u0151lap - Elleni Regulus","isPartOf":{"@id":"https:\/\/elleniregulus.com\/hu\/#website"},"datePublished":"2024-11-22T11:55:10+00:00","dateModified":"2025-09-09T20:39:58+00:00","description":"Elleni Regulus m\u0171v\u00e9szi tere, akril, akvarell, olajfestm\u00e9nyek, vegyes technik\u00e1k, k\u00e9zzel k\u00e9sz\u00edtett, vegyes technik\u00e1j\u00fa szobrok, agyag ...","breadcrumb":{"@id":"https:\/\/elleniregulus.com\/hu\/#breadcrumb"},"inLanguage":"hu","potentialAction":[{"@type":"ReadAction","target":["https:\/\/elleniregulus.com\/hu\/"]}]},{"@type":"BreadcrumbList","@id":"https:\/\/elleniregulus.com\/hu\/#breadcrumb","itemListElement":[{"@type":"ListItem","position":1,"name":"Home","item":"https:\/\/elleniregulus.com\/hu\/"},{"@type":"ListItem","position":2,"name":"Kezd\u0151lap"}]},{"@type":"WebSite","@id":"https:\/\/elleniregulus.com\/hu\/#website","url":"https:\/\/elleniregulus.com\/hu\/","name":"Elleni Regulus","description":"","publisher":{"@id":"https:\/\/elleniregulus.com\/hu\/#organization"},"potentialAction":[{"@type":"SearchAction","target":{"@type":"EntryPoint","urlTemplate":"https:\/\/elleniregulus.com\/hu\/?s={search_term_string}"},"query-input":{"@type":"PropertyValueSpecification","valueRequired":true,"valueName":"search_term_string"}}],"inLanguage":"hu"},{"@type":"Organization","@id":"https:\/\/elleniregulus.com\/hu\/#organization","name":"Elleni Regulus","url":"https:\/\/elleniregulus.com\/hu\/","logo":{"@type":"ImageObject","inLanguage":"hu","@id":"https:\/\/elleniregulus.com\/hu\/#\/schema\/logo\/image\/","url":"https:\/\/elleniregulus.com\/wp-content\/uploads\/2025\/02\/ART_Space-logo.png","contentUrl":"https:\/\/elleniregulus.com\/wp-content\/uploads\/2025\/02\/ART_Space-logo.png","width":288,"height":191,"caption":"Elleni Regulus"},"image":{"@id":"https:\/\/elleniregulus.com\/hu\/#\/schema\/logo\/image\/"}}]}},"_links":{"self":[{"href":"https:\/\/elleniregulus.com\/hu\/wp-json\/wp\/v2\/pages\/117","targetHints":{"allow":["GET"]}}],"collection":[{"href":"https:\/\/elleniregulus.com\/hu\/wp-json\/wp\/v2\/pages"}],"about":[{"href":"https:\/\/elleniregulus.com\/hu\/wp-json\/wp\/v2\/types\/page"}],"author":[{"embeddable":true,"href":"https:\/\/elleniregulus.com\/hu\/wp-json\/wp\/v2\/users\/1"}],"replies":[{"embeddable":true,"href":"https:\/\/elleniregulus.com\/hu\/wp-json\/wp\/v2\/comments?post=117"}],"version-history":[{"count":7,"href":"https:\/\/elleniregulus.com\/hu\/wp-json\/wp\/v2\/pages\/117\/revisions"}],"predecessor-version":[{"id":1568,"href":"https:\/\/elleniregulus.com\/hu\/wp-json\/wp\/v2\/pages\/117\/revisions\/1568"}],"wp:attachment":[{"href":"https:\/\/elleniregulus.com\/hu\/wp-json\/wp\/v2\/media?parent=117"}],"curies":[{"name":"wp","href":"https:\/\/api.w.org\/{rel}","templated":true}]}}