{"id":1478,"date":"2024-12-20T11:43:54","date_gmt":"2024-12-20T11:43:54","guid":{"rendered":"https:\/\/elleniregulus.com\/?page_id=1478"},"modified":"2025-02-04T10:36:45","modified_gmt":"2025-02-04T10:36:45","slug":"regisztracio","status":"publish","type":"page","link":"https:\/\/elleniregulus.com\/hu\/regisztracio\/","title":{"rendered":"Regisztr\u00e1ci\u00f3"},"content":{"rendered":"<div class=\"woocommerce\">\n    <form method=\"post\" class=\"woocommerce-form woocommerce-form-register register\">\n        \n        <p class=\"woocommerce-form-row woocommerce-form-row--wide form-row form-row-wide\">\n            <label for=\"reg_email\">E-mail c\u00edm <span\n                    class=\"required\">*<\/span><\/label>\n            <input type=\"email\" class=\"input-text\" name=\"email\" id=\"reg_email\" autocomplete=\"email\"\n                value=\"\" \/>\n        <\/p>\n\n        <p class=\"woocommerce-form-row woocommerce-form-row--wide form-row form-row-wide\">\n            <label for=\"reg_password\">Jelsz\u00f3 <span\n                    class=\"required\">*<\/span><\/label>\n            <input type=\"password\" class=\"input-text\" name=\"password\" id=\"reg_password\" autocomplete=\"new-password\" \/>\n        <\/p>\n\n        \t\t<div class=\"g-recaptcha\" data-sitekey=\"6Lc-oowrAAAAAPh4sIqOIooifqGZnN3s8JegBCX7\"><\/div>\r\n\t\t<br\/>\r\n\t\t<wc-order-attribution-inputs><\/wc-order-attribution-inputs><div class=\"woocommerce-privacy-policy-text\"><p>Szem\u00e9lyes adatait arra haszn\u00e1ljuk fel, hogy t\u00e1mogassuk az \u00d6n \u00e9lm\u00e9ny\u00e9t ezen a webhelyen, hogy kezelj\u00fck a fi\u00f3kj\u00e1hoz val\u00f3 hozz\u00e1f\u00e9r\u00e9st, \u00e9s m\u00e1s c\u00e9lokra, amelyeket a cikk\u00fcnkben ismertet\u00fcnk <a href=\"https:\/\/elleniregulus.com\/politika-privatnosti\/\" class=\"woocommerce-privacy-policy-link\" target=\"_blank\">Adatkezel\u00e9si t\u00e1j\u00e9koztat\u00f3<\/a>.<\/p>\n<\/div>\n        <p class=\"woocommerce-FormRow form-row\">\n            <input type=\"hidden\" id=\"woocommerce-register-nonce\" name=\"woocommerce-register-nonce\" value=\"33a344c507\" \/><input type=\"hidden\" name=\"_wp_http_referer\" value=\"\/hu\/wp-json\/wp\/v2\/pages\/1478\" \/>            <button type=\"submit\" class=\"woocommerce-button button\" name=\"register\"\n                value=\"Regisztr\u00e1ci\u00f3\">Regisztr\u00e1ci\u00f3<\/button>\n        <\/p>\n\n            <\/form>\n<\/div>\n\n","protected":false},"excerpt":{"rendered":"","protected":false},"author":1,"featured_media":0,"parent":0,"menu_order":0,"comment_status":"closed","ping_status":"closed","template":"","meta":{"_acf_changed":false,"footnotes":""},"class_list":["post-1478","page","type-page","status-publish","hentry"],"acf":[],"yoast_head":"<!-- This site is optimized with the Yoast SEO plugin v24.5 - https:\/\/yoast.com\/wordpress\/plugins\/seo\/ -->\n<title>Regisztr\u00e1ci\u00f3 - Elleni Regulus<\/title>\n<meta name=\"robots\" content=\"index, follow, max-snippet:-1, max-image-preview:large, max-video-preview:-1\" \/>\n<link rel=\"canonical\" href=\"https:\/\/elleniregulus.com\/hu\/regisztracio\/\" \/>\n<meta property=\"og:locale\" content=\"hu_HU\" \/>\n<meta property=\"og:type\" content=\"article\" \/>\n<meta property=\"og:title\" content=\"Regisztr\u00e1ci\u00f3 - Elleni Regulus\" \/>\n<meta property=\"og:url\" content=\"https:\/\/elleniregulus.com\/hu\/regisztracio\/\" \/>\n<meta property=\"og:site_name\" content=\"Elleni Regulus\" \/>\n<meta property=\"article:modified_time\" content=\"2025-02-04T10:36:45+00:00\" \/>\n<meta name=\"twitter:card\" content=\"summary_large_image\" \/>\n<script type=\"application\/ld+json\" class=\"yoast-schema-graph\">{\"@context\":\"https:\/\/schema.org\",\"@graph\":[{\"@type\":\"WebPage\",\"@id\":\"https:\/\/elleniregulus.com\/hu\/regisztracio\/\",\"url\":\"https:\/\/elleniregulus.com\/hu\/regisztracio\/\",\"name\":\"Regisztr\u00e1ci\u00f3 - Elleni Regulus\",\"isPartOf\":{\"@id\":\"https:\/\/elleniregulus.com\/hu\/#website\"},\"datePublished\":\"2024-12-20T11:43:54+00:00\",\"dateModified\":\"2025-02-04T10:36:45+00:00\",\"breadcrumb\":{\"@id\":\"https:\/\/elleniregulus.com\/hu\/regisztracio\/#breadcrumb\"},\"inLanguage\":\"hu\",\"potentialAction\":[{\"@type\":\"ReadAction\",\"target\":[\"https:\/\/elleniregulus.com\/hu\/regisztracio\/\"]}]},{\"@type\":\"BreadcrumbList\",\"@id\":\"https:\/\/elleniregulus.com\/hu\/regisztracio\/#breadcrumb\",\"itemListElement\":[{\"@type\":\"ListItem\",\"position\":1,\"name\":\"Home\",\"item\":\"https:\/\/elleniregulus.com\/hu\/\"},{\"@type\":\"ListItem\",\"position\":2,\"name\":\"Regisztr\u00e1ci\u00f3\"}]},{\"@type\":\"WebSite\",\"@id\":\"https:\/\/elleniregulus.com\/hu\/#website\",\"url\":\"https:\/\/elleniregulus.com\/hu\/\",\"name\":\"Elleni Regulus\",\"description\":\"\",\"publisher\":{\"@id\":\"https:\/\/elleniregulus.com\/hu\/#organization\"},\"potentialAction\":[{\"@type\":\"SearchAction\",\"target\":{\"@type\":\"EntryPoint\",\"urlTemplate\":\"https:\/\/elleniregulus.com\/hu\/?s={search_term_string}\"},\"query-input\":{\"@type\":\"PropertyValueSpecification\",\"valueRequired\":true,\"valueName\":\"search_term_string\"}}],\"inLanguage\":\"hu\"},{\"@type\":\"Organization\",\"@id\":\"https:\/\/elleniregulus.com\/hu\/#organization\",\"name\":\"Elleni Regulus\",\"url\":\"https:\/\/elleniregulus.com\/hu\/\",\"logo\":{\"@type\":\"ImageObject\",\"inLanguage\":\"hu\",\"@id\":\"https:\/\/elleniregulus.com\/hu\/#\/schema\/logo\/image\/\",\"url\":\"https:\/\/elleniregulus.com\/wp-content\/uploads\/2025\/02\/ART_Space-logo.png\",\"contentUrl\":\"https:\/\/elleniregulus.com\/wp-content\/uploads\/2025\/02\/ART_Space-logo.png\",\"width\":288,\"height\":191,\"caption\":\"Elleni Regulus\"},\"image\":{\"@id\":\"https:\/\/elleniregulus.com\/hu\/#\/schema\/logo\/image\/\"}}]}<\/script>\n<!-- \/ Yoast SEO plugin. -->","yoast_head_json":{"title":"Regisztr\u00e1ci\u00f3 - Elleni Regulus","robots":{"index":"index","follow":"follow","max-snippet":"max-snippet:-1","max-image-preview":"max-image-preview:large","max-video-preview":"max-video-preview:-1"},"canonical":"https:\/\/elleniregulus.com\/hu\/regisztracio\/","og_locale":"hu_HU","og_type":"article","og_title":"Regisztr\u00e1ci\u00f3 - Elleni Regulus","og_url":"https:\/\/elleniregulus.com\/hu\/regisztracio\/","og_site_name":"Elleni Regulus","article_modified_time":"2025-02-04T10:36:45+00:00","twitter_card":"summary_large_image","schema":{"@context":"https:\/\/schema.org","@graph":[{"@type":"WebPage","@id":"https:\/\/elleniregulus.com\/hu\/regisztracio\/","url":"https:\/\/elleniregulus.com\/hu\/regisztracio\/","name":"Regisztr\u00e1ci\u00f3 - Elleni Regulus","isPartOf":{"@id":"https:\/\/elleniregulus.com\/hu\/#website"},"datePublished":"2024-12-20T11:43:54+00:00","dateModified":"2025-02-04T10:36:45+00:00","breadcrumb":{"@id":"https:\/\/elleniregulus.com\/hu\/regisztracio\/#breadcrumb"},"inLanguage":"hu","potentialAction":[{"@type":"ReadAction","target":["https:\/\/elleniregulus.com\/hu\/regisztracio\/"]}]},{"@type":"BreadcrumbList","@id":"https:\/\/elleniregulus.com\/hu\/regisztracio\/#breadcrumb","itemListElement":[{"@type":"ListItem","position":1,"name":"Home","item":"https:\/\/elleniregulus.com\/hu\/"},{"@type":"ListItem","position":2,"name":"Regisztr\u00e1ci\u00f3"}]},{"@type":"WebSite","@id":"https:\/\/elleniregulus.com\/hu\/#website","url":"https:\/\/elleniregulus.com\/hu\/","name":"Elleni Regulus","description":"","publisher":{"@id":"https:\/\/elleniregulus.com\/hu\/#organization"},"potentialAction":[{"@type":"SearchAction","target":{"@type":"EntryPoint","urlTemplate":"https:\/\/elleniregulus.com\/hu\/?s={search_term_string}"},"query-input":{"@type":"PropertyValueSpecification","valueRequired":true,"valueName":"search_term_string"}}],"inLanguage":"hu"},{"@type":"Organization","@id":"https:\/\/elleniregulus.com\/hu\/#organization","name":"Elleni Regulus","url":"https:\/\/elleniregulus.com\/hu\/","logo":{"@type":"ImageObject","inLanguage":"hu","@id":"https:\/\/elleniregulus.com\/hu\/#\/schema\/logo\/image\/","url":"https:\/\/elleniregulus.com\/wp-content\/uploads\/2025\/02\/ART_Space-logo.png","contentUrl":"https:\/\/elleniregulus.com\/wp-content\/uploads\/2025\/02\/ART_Space-logo.png","width":288,"height":191,"caption":"Elleni Regulus"},"image":{"@id":"https:\/\/elleniregulus.com\/hu\/#\/schema\/logo\/image\/"}}]}},"_links":{"self":[{"href":"https:\/\/elleniregulus.com\/hu\/wp-json\/wp\/v2\/pages\/1478","targetHints":{"allow":["GET"]}}],"collection":[{"href":"https:\/\/elleniregulus.com\/hu\/wp-json\/wp\/v2\/pages"}],"about":[{"href":"https:\/\/elleniregulus.com\/hu\/wp-json\/wp\/v2\/types\/page"}],"author":[{"embeddable":true,"href":"https:\/\/elleniregulus.com\/hu\/wp-json\/wp\/v2\/users\/1"}],"replies":[{"embeddable":true,"href":"https:\/\/elleniregulus.com\/hu\/wp-json\/wp\/v2\/comments?post=1478"}],"version-history":[{"count":1,"href":"https:\/\/elleniregulus.com\/hu\/wp-json\/wp\/v2\/pages\/1478\/revisions"}],"predecessor-version":[{"id":1480,"href":"https:\/\/elleniregulus.com\/hu\/wp-json\/wp\/v2\/pages\/1478\/revisions\/1480"}],"wp:attachment":[{"href":"https:\/\/elleniregulus.com\/hu\/wp-json\/wp\/v2\/media?parent=1478"}],"curies":[{"name":"wp","href":"https:\/\/api.w.org\/{rel}","templated":true}]}}