{"id":1484,"date":"2024-11-22T11:36:36","date_gmt":"2024-11-22T11:36:36","guid":{"rendered":"https:\/\/elleniregulus.com\/?page_id=1484"},"modified":"2025-02-04T10:59:20","modified_gmt":"2025-02-04T10:59:20","slug":"adatvedelmi-szabalyzat","status":"publish","type":"page","link":"https:\/\/elleniregulus.com\/hu\/adatvedelmi-szabalyzat\/","title":{"rendered":"Adatv\u00e9delmi szab\u00e1lyzat"},"content":{"rendered":"\n<h2 class=\"wp-block-heading\">Az \u00d6n adatainak v\u00e9delme nagyon fontos sz\u00e1munkra. Ez az adatv\u00e9delmi ir\u00e1nyelv ismerteti, hogyan gy\u0171jtj\u00fck, haszn\u00e1ljuk \u00e9s v\u00e9dj\u00fck szem\u00e9lyes adatait, amikor m\u0171alkot\u00e1sokat \u00e1rus\u00edt\u00f3 web\u00e1ruh\u00e1zunkat haszn\u00e1lja.<\/h2>\n\n\n\n<p><strong>1. Milyen adatokat gy\u0171jt\u00fcnk?<\/strong><\/p>\n\n\n\n<ul class=\"wp-block-list\">\n<li>N\u00e9v \u00e9s vezet\u00e9kn\u00e9v<\/li>\n\n\n\n<li>Email c\u00edm<\/li>\n\n\n\n<li>Telefonsz\u00e1m<\/li>\n\n\n\n<li>Sz\u00e1ll\u00edt\u00e1si \u00e9s sz\u00e1ml\u00e1z\u00e1si c\u00edm<\/li>\n\n\n\n<li>IP-c\u00edm \u00e9s eszk\u00f6zinform\u00e1ci\u00f3k<\/li>\n<\/ul>\n\n\n\n<p><strong>2. Hogyan haszn\u00e1ljuk az \u00d6n adatait?<\/strong><\/p>\n\n\n\n<ul class=\"wp-block-list\">\n<li>Rendel\u00e9sek feldolgoz\u00e1s\u00e1ra \u00e9s kisz\u00e1ll\u00edt\u00e1s\u00e1ra<\/li>\n\n\n\n<li>\u00dcgyfelekkel val\u00f3 kommunik\u00e1ci\u00f3ra<\/li>\n\n\n\n<li>Felhaszn\u00e1l\u00f3i \u00e9lm\u00e9ny jav\u00edt\u00e1s\u00e1ra<\/li>\n\n\n\n<li>Jogszab\u00e1lyi k\u00f6telezetts\u00e9gek teljes\u00edt\u00e9s\u00e9re<\/li>\n<\/ul>\n\n\n\n<p><strong>3. Hogyan v\u00e9dj\u00fck az \u00d6n adatait?<\/strong> Minden sz\u00fcks\u00e9ges biztons\u00e1gi int\u00e9zked\u00e9st megtesz\u00fcnk az \u00d6n szem\u00e9lyes adatainak v\u00e9delme \u00e9rdek\u00e9ben. Az adatok biztons\u00e1gos szervereken ker\u00fclnek t\u00e1rol\u00e1sra, \u00e9s csak felhatalmazott szem\u00e9lyek f\u00e9rhetnek hozz\u00e1.<\/p>\n\n\n\n<p><strong>4. Adatok megoszt\u00e1sa harmadik felekkel<\/strong> Az \u00d6n szem\u00e9lyes adatait nem adjuk el \u00e9s nem osztjuk meg, kiv\u00e9ve az al\u00e1bbi esetekben:<\/p>\n\n\n\n<ul class=\"wp-block-list\">\n<li>Fizet\u00e9si feldolgoz\u00e1s eset\u00e9n<\/li>\n\n\n\n<li>Term\u00e9kek kisz\u00e1ll\u00edt\u00e1sa \u00e9rdek\u00e9ben<\/li>\n\n\n\n<li>Ha jogszab\u00e1ly ezt megk\u00f6veteli<\/li>\n<\/ul>\n\n\n\n<p><strong>5. Az \u00d6n jogai<\/strong> \u00d6n jogosult:<\/p>\n\n\n\n<ul class=\"wp-block-list\">\n<li>Hozz\u00e1f\u00e9r\u00e9st k\u00e9rni az adataihoz<\/li>\n\n\n\n<li>Az adatok m\u00f3dos\u00edt\u00e1s\u00e1t vagy t\u00f6rl\u00e9s\u00e9t k\u00e9rni<\/li>\n\n\n\n<li>Hozz\u00e1j\u00e1rul\u00e1s\u00e1t visszavonni az adatkezel\u00e9shez<\/li>\n\n\n\n<li>Panaszt tenni az illet\u00e9kes adatv\u00e9delmi hat\u00f3s\u00e1gn\u00e1l<\/li>\n<\/ul>\n\n\n\n<p><strong>6. S\u00fctik (Cookies)<\/strong> Weboldalunk s\u00fctiket haszn\u00e1l a felhaszn\u00e1l\u00f3i \u00e9lm\u00e9ny jav\u00edt\u00e1sa \u00e9rdek\u00e9ben. A s\u00fctiket a b\u00f6ng\u00e9sz\u0151 be\u00e1ll\u00edt\u00e1saiban letilthatja.<\/p>\n\n\n\n<p><strong>7. Kapcsolatfelv\u00e9tel<\/strong> Adatv\u00e9delemmel kapcsolatos k\u00e9rd\u00e9sek eset\u00e9n k\u00e9rj\u00fck, l\u00e9pjen kapcsolatba vel\u00fcnk az al\u00e1bbi email c\u00edmen: [Az \u00d6n Email c\u00edme]\n","protected":false},"excerpt":{"rendered":"<p>Az \u00d6n adatainak v\u00e9delme nagyon fontos sz\u00e1munkra. Ez az adatv\u00e9delmi ir\u00e1nyelv ismerteti, hogyan gy\u0171jtj\u00fck, haszn\u00e1ljuk \u00e9s v\u00e9dj\u00fck szem\u00e9lyes adatait, amikor m\u0171alkot\u00e1sokat \u00e1rus\u00edt\u00f3 web\u00e1ruh\u00e1zunkat haszn\u00e1lja. 1. Milyen adatokat gy\u0171jt\u00fcnk? 2. Hogyan haszn\u00e1ljuk az \u00d6n adatait? 3. Hogyan v\u00e9dj\u00fck az \u00d6n adatait? Minden sz\u00fcks\u00e9ges biztons\u00e1gi int\u00e9zked\u00e9st megtesz\u00fcnk az \u00d6n szem\u00e9lyes adatainak v\u00e9delme \u00e9rdek\u00e9ben. Az adatok biztons\u00e1gos szervereken [&hellip;]<\/p>\n","protected":false},"author":1,"featured_media":0,"parent":0,"menu_order":0,"comment_status":"closed","ping_status":"open","template":"","meta":{"_acf_changed":false,"footnotes":""},"class_list":["post-1484","page","type-page","status-publish","hentry"],"acf":[],"yoast_head":"<!-- This site is optimized with the Yoast SEO plugin v24.5 - https:\/\/yoast.com\/wordpress\/plugins\/seo\/ -->\n<title>Adatv\u00e9delmi szab\u00e1lyzat - Elleni Regulus<\/title>\n<meta name=\"robots\" content=\"index, follow, max-snippet:-1, max-image-preview:large, max-video-preview:-1\" \/>\n<link rel=\"canonical\" href=\"https:\/\/elleniregulus.com\/hu\/adatvedelmi-szabalyzat\/\" \/>\n<meta property=\"og:locale\" content=\"hu_HU\" \/>\n<meta property=\"og:type\" content=\"article\" \/>\n<meta property=\"og:title\" content=\"Adatv\u00e9delmi szab\u00e1lyzat - Elleni Regulus\" \/>\n<meta property=\"og:description\" content=\"Az \u00d6n adatainak v\u00e9delme nagyon fontos sz\u00e1munkra. Ez az adatv\u00e9delmi ir\u00e1nyelv ismerteti, hogyan gy\u0171jtj\u00fck, haszn\u00e1ljuk \u00e9s v\u00e9dj\u00fck szem\u00e9lyes adatait, amikor m\u0171alkot\u00e1sokat \u00e1rus\u00edt\u00f3 web\u00e1ruh\u00e1zunkat haszn\u00e1lja. 1. Milyen adatokat gy\u0171jt\u00fcnk? 2. Hogyan haszn\u00e1ljuk az \u00d6n adatait? 3. Hogyan v\u00e9dj\u00fck az \u00d6n adatait? Minden sz\u00fcks\u00e9ges biztons\u00e1gi int\u00e9zked\u00e9st megtesz\u00fcnk az \u00d6n szem\u00e9lyes adatainak v\u00e9delme \u00e9rdek\u00e9ben. Az adatok biztons\u00e1gos szervereken [&hellip;]\" \/>\n<meta property=\"og:url\" content=\"https:\/\/elleniregulus.com\/hu\/adatvedelmi-szabalyzat\/\" \/>\n<meta property=\"og:site_name\" content=\"Elleni Regulus\" \/>\n<meta property=\"article:modified_time\" content=\"2025-02-04T10:59:20+00:00\" \/>\n<meta name=\"twitter:card\" content=\"summary_large_image\" \/>\n<meta name=\"twitter:label1\" content=\"Becs\u00fclt olvas\u00e1si id\u0151\" \/>\n\t<meta name=\"twitter:data1\" content=\"2 perc\" \/>\n<script type=\"application\/ld+json\" class=\"yoast-schema-graph\">{\"@context\":\"https:\/\/schema.org\",\"@graph\":[{\"@type\":\"WebPage\",\"@id\":\"https:\/\/elleniregulus.com\/hu\/adatvedelmi-szabalyzat\/\",\"url\":\"https:\/\/elleniregulus.com\/hu\/adatvedelmi-szabalyzat\/\",\"name\":\"Adatv\u00e9delmi szab\u00e1lyzat - Elleni Regulus\",\"isPartOf\":{\"@id\":\"https:\/\/elleniregulus.com\/hu\/#website\"},\"datePublished\":\"2024-11-22T11:36:36+00:00\",\"dateModified\":\"2025-02-04T10:59:20+00:00\",\"breadcrumb\":{\"@id\":\"https:\/\/elleniregulus.com\/hu\/adatvedelmi-szabalyzat\/#breadcrumb\"},\"inLanguage\":\"hu\",\"potentialAction\":[{\"@type\":\"ReadAction\",\"target\":[\"https:\/\/elleniregulus.com\/hu\/adatvedelmi-szabalyzat\/\"]}]},{\"@type\":\"BreadcrumbList\",\"@id\":\"https:\/\/elleniregulus.com\/hu\/adatvedelmi-szabalyzat\/#breadcrumb\",\"itemListElement\":[{\"@type\":\"ListItem\",\"position\":1,\"name\":\"Home\",\"item\":\"https:\/\/elleniregulus.com\/hu\/\"},{\"@type\":\"ListItem\",\"position\":2,\"name\":\"Adatv\u00e9delmi szab\u00e1lyzat\"}]},{\"@type\":\"WebSite\",\"@id\":\"https:\/\/elleniregulus.com\/hu\/#website\",\"url\":\"https:\/\/elleniregulus.com\/hu\/\",\"name\":\"Elleni Regulus\",\"description\":\"\",\"publisher\":{\"@id\":\"https:\/\/elleniregulus.com\/hu\/#organization\"},\"potentialAction\":[{\"@type\":\"SearchAction\",\"target\":{\"@type\":\"EntryPoint\",\"urlTemplate\":\"https:\/\/elleniregulus.com\/hu\/?s={search_term_string}\"},\"query-input\":{\"@type\":\"PropertyValueSpecification\",\"valueRequired\":true,\"valueName\":\"search_term_string\"}}],\"inLanguage\":\"hu\"},{\"@type\":\"Organization\",\"@id\":\"https:\/\/elleniregulus.com\/hu\/#organization\",\"name\":\"Elleni Regulus\",\"url\":\"https:\/\/elleniregulus.com\/hu\/\",\"logo\":{\"@type\":\"ImageObject\",\"inLanguage\":\"hu\",\"@id\":\"https:\/\/elleniregulus.com\/hu\/#\/schema\/logo\/image\/\",\"url\":\"https:\/\/elleniregulus.com\/wp-content\/uploads\/2025\/02\/ART_Space-logo.png\",\"contentUrl\":\"https:\/\/elleniregulus.com\/wp-content\/uploads\/2025\/02\/ART_Space-logo.png\",\"width\":288,\"height\":191,\"caption\":\"Elleni Regulus\"},\"image\":{\"@id\":\"https:\/\/elleniregulus.com\/hu\/#\/schema\/logo\/image\/\"}}]}<\/script>\n<!-- \/ Yoast SEO plugin. -->","yoast_head_json":{"title":"Adatv\u00e9delmi szab\u00e1lyzat - Elleni Regulus","robots":{"index":"index","follow":"follow","max-snippet":"max-snippet:-1","max-image-preview":"max-image-preview:large","max-video-preview":"max-video-preview:-1"},"canonical":"https:\/\/elleniregulus.com\/hu\/adatvedelmi-szabalyzat\/","og_locale":"hu_HU","og_type":"article","og_title":"Adatv\u00e9delmi szab\u00e1lyzat - Elleni Regulus","og_description":"Az \u00d6n adatainak v\u00e9delme nagyon fontos sz\u00e1munkra. Ez az adatv\u00e9delmi ir\u00e1nyelv ismerteti, hogyan gy\u0171jtj\u00fck, haszn\u00e1ljuk \u00e9s v\u00e9dj\u00fck szem\u00e9lyes adatait, amikor m\u0171alkot\u00e1sokat \u00e1rus\u00edt\u00f3 web\u00e1ruh\u00e1zunkat haszn\u00e1lja. 1. Milyen adatokat gy\u0171jt\u00fcnk? 2. Hogyan haszn\u00e1ljuk az \u00d6n adatait? 3. Hogyan v\u00e9dj\u00fck az \u00d6n adatait? Minden sz\u00fcks\u00e9ges biztons\u00e1gi int\u00e9zked\u00e9st megtesz\u00fcnk az \u00d6n szem\u00e9lyes adatainak v\u00e9delme \u00e9rdek\u00e9ben. Az adatok biztons\u00e1gos szervereken [&hellip;]","og_url":"https:\/\/elleniregulus.com\/hu\/adatvedelmi-szabalyzat\/","og_site_name":"Elleni Regulus","article_modified_time":"2025-02-04T10:59:20+00:00","twitter_card":"summary_large_image","twitter_misc":{"Becs\u00fclt olvas\u00e1si id\u0151":"2 perc"},"schema":{"@context":"https:\/\/schema.org","@graph":[{"@type":"WebPage","@id":"https:\/\/elleniregulus.com\/hu\/adatvedelmi-szabalyzat\/","url":"https:\/\/elleniregulus.com\/hu\/adatvedelmi-szabalyzat\/","name":"Adatv\u00e9delmi szab\u00e1lyzat - Elleni Regulus","isPartOf":{"@id":"https:\/\/elleniregulus.com\/hu\/#website"},"datePublished":"2024-11-22T11:36:36+00:00","dateModified":"2025-02-04T10:59:20+00:00","breadcrumb":{"@id":"https:\/\/elleniregulus.com\/hu\/adatvedelmi-szabalyzat\/#breadcrumb"},"inLanguage":"hu","potentialAction":[{"@type":"ReadAction","target":["https:\/\/elleniregulus.com\/hu\/adatvedelmi-szabalyzat\/"]}]},{"@type":"BreadcrumbList","@id":"https:\/\/elleniregulus.com\/hu\/adatvedelmi-szabalyzat\/#breadcrumb","itemListElement":[{"@type":"ListItem","position":1,"name":"Home","item":"https:\/\/elleniregulus.com\/hu\/"},{"@type":"ListItem","position":2,"name":"Adatv\u00e9delmi szab\u00e1lyzat"}]},{"@type":"WebSite","@id":"https:\/\/elleniregulus.com\/hu\/#website","url":"https:\/\/elleniregulus.com\/hu\/","name":"Elleni Regulus","description":"","publisher":{"@id":"https:\/\/elleniregulus.com\/hu\/#organization"},"potentialAction":[{"@type":"SearchAction","target":{"@type":"EntryPoint","urlTemplate":"https:\/\/elleniregulus.com\/hu\/?s={search_term_string}"},"query-input":{"@type":"PropertyValueSpecification","valueRequired":true,"valueName":"search_term_string"}}],"inLanguage":"hu"},{"@type":"Organization","@id":"https:\/\/elleniregulus.com\/hu\/#organization","name":"Elleni Regulus","url":"https:\/\/elleniregulus.com\/hu\/","logo":{"@type":"ImageObject","inLanguage":"hu","@id":"https:\/\/elleniregulus.com\/hu\/#\/schema\/logo\/image\/","url":"https:\/\/elleniregulus.com\/wp-content\/uploads\/2025\/02\/ART_Space-logo.png","contentUrl":"https:\/\/elleniregulus.com\/wp-content\/uploads\/2025\/02\/ART_Space-logo.png","width":288,"height":191,"caption":"Elleni Regulus"},"image":{"@id":"https:\/\/elleniregulus.com\/hu\/#\/schema\/logo\/image\/"}}]}},"_links":{"self":[{"href":"https:\/\/elleniregulus.com\/hu\/wp-json\/wp\/v2\/pages\/1484","targetHints":{"allow":["GET"]}}],"collection":[{"href":"https:\/\/elleniregulus.com\/hu\/wp-json\/wp\/v2\/pages"}],"about":[{"href":"https:\/\/elleniregulus.com\/hu\/wp-json\/wp\/v2\/types\/page"}],"author":[{"embeddable":true,"href":"https:\/\/elleniregulus.com\/hu\/wp-json\/wp\/v2\/users\/1"}],"replies":[{"embeddable":true,"href":"https:\/\/elleniregulus.com\/hu\/wp-json\/wp\/v2\/comments?post=1484"}],"version-history":[{"count":3,"href":"https:\/\/elleniregulus.com\/hu\/wp-json\/wp\/v2\/pages\/1484\/revisions"}],"predecessor-version":[{"id":1491,"href":"https:\/\/elleniregulus.com\/hu\/wp-json\/wp\/v2\/pages\/1484\/revisions\/1491"}],"wp:attachment":[{"href":"https:\/\/elleniregulus.com\/hu\/wp-json\/wp\/v2\/media?parent=1484"}],"curies":[{"name":"wp","href":"https:\/\/api.w.org\/{rel}","templated":true}]}}